{"id":561,"date":"2021-09-13T13:55:40","date_gmt":"2021-09-13T11:55:40","guid":{"rendered":"https:\/\/lancelot-fkk.com\/prix-et-informations\/"},"modified":"2022-11-16T16:46:24","modified_gmt":"2022-11-16T15:46:24","slug":"prix-et-informations","status":"publish","type":"page","link":"https:\/\/lancelot-fkk.com\/fr\/prix-et-informations\/","title":{"rendered":"Prix et informations"},"content":{"rendered":"\t\t<div data-elementor-type=\"wp-page\" data-elementor-id=\"561\" class=\"elementor elementor-561 elementor-12\">\n\t\t\t\t\t\t\t\t\t<section class=\"elementor-section elementor-top-section elementor-element elementor-element-d6c6f0c elementor-section-full_width elementor-section-height-min-height elementor-section-height-default elementor-section-items-middle\" data-id=\"d6c6f0c\" data-element_type=\"section\" data-settings=\"{&quot;background_background&quot;:&quot;classic&quot;}\">\n\t\t\t\t\t\t<div class=\"elementor-container elementor-column-gap-no\">\n\t\t\t\t\t<div class=\"elementor-column elementor-col-100 elementor-top-column elementor-element elementor-element-dcd098c\" data-id=\"dcd098c\" data-element_type=\"column\">\n\t\t\t<div class=\"elementor-widget-wrap elementor-element-populated\">\n\t\t\t\t\t\t\t\t<div class=\"elementor-element elementor-element-678654d elementor--h-position-center elementor--v-position-middle elementor-arrows-position-inside elementor-pagination-position-inside elementor-widget elementor-widget-slides\" data-id=\"678654d\" data-element_type=\"widget\" data-settings=\"{&quot;transition&quot;:&quot;fade&quot;,&quot;navigation&quot;:&quot;both&quot;,&quot;autoplay&quot;:&quot;yes&quot;,&quot;pause_on_hover&quot;:&quot;yes&quot;,&quot;pause_on_interaction&quot;:&quot;yes&quot;,&quot;autoplay_speed&quot;:5000,&quot;infinite&quot;:&quot;yes&quot;,&quot;transition_speed&quot;:500}\" data-widget_type=\"slides.default\">\n\t\t\t\t<div class=\"elementor-widget-container\">\n\t\t\t\t\t<div class=\"elementor-swiper\">\n\t\t\t<div class=\"elementor-slides-wrapper elementor-main-swiper swiper-container\" dir=\"ltr\" data-animation=\"\">\n\t\t\t\t<div class=\"swiper-wrapper elementor-slides\">\n\t\t\t\t\t\t\t\t\t\t<div class=\"elementor-repeater-item-96cc908 swiper-slide\"><div class=\"swiper-slide-bg\"><\/div><div class=\"swiper-slide-inner\" ><div class=\"swiper-slide-contents\"><\/div><\/div><\/div><div class=\"elementor-repeater-item-ed95066 swiper-slide\"><div class=\"swiper-slide-bg\"><\/div><div class=\"swiper-slide-inner\" ><div class=\"swiper-slide-contents\"><\/div><\/div><\/div><div class=\"elementor-repeater-item-04c9e98 swiper-slide\"><div class=\"swiper-slide-bg\"><\/div><div class=\"swiper-slide-inner\" ><div class=\"swiper-slide-contents\"><\/div><\/div><\/div>\t\t\t\t<\/div>\n\t\t\t\t\t\t\t\t\t\t\t\t\t\t\t<div class=\"swiper-pagination\"><\/div>\n\t\t\t\t\t\t\t\t\t\t\t\t\t\t\t\t<div class=\"elementor-swiper-button elementor-swiper-button-prev\">\n\t\t\t\t\t\t\t<i aria-hidden=\"true\" class=\"eicon-chevron-left\"><\/i>\t\t\t\t\t\t\t<span class=\"elementor-screen-only\">Pr\u00e9c\u00e9dent<\/span>\n\t\t\t\t\t\t<\/div>\n\t\t\t\t\t\t<div class=\"elementor-swiper-button elementor-swiper-button-next\">\n\t\t\t\t\t\t\t<i aria-hidden=\"true\" class=\"eicon-chevron-right\"><\/i>\t\t\t\t\t\t\t<span class=\"elementor-screen-only\">Suivant<\/span>\n\t\t\t\t\t\t<\/div>\n\t\t\t\t\t\t\t\t\t\t\t\t<\/div>\n\t\t<\/div>\n\t\t\t\t<\/div>\n\t\t\t\t<\/div>\n\t\t\t\t\t<\/div>\n\t\t<\/div>\n\t\t\t\t\t\t\t<\/div>\n\t\t<\/section>\n\t\t\t\t<section class=\"elementor-section elementor-top-section elementor-element elementor-element-4a66ed0 elementor-section-boxed elementor-section-height-default elementor-section-height-default\" data-id=\"4a66ed0\" data-element_type=\"section\">\n\t\t\t\t\t\t<div class=\"elementor-container elementor-column-gap-default\">\n\t\t\t\t\t<div class=\"elementor-column elementor-col-100 elementor-top-column elementor-element elementor-element-ac39d49\" data-id=\"ac39d49\" data-element_type=\"column\">\n\t\t\t<div class=\"elementor-widget-wrap elementor-element-populated\">\n\t\t\t\t\t\t\t\t<div class=\"elementor-element elementor-element-c80bfd7 elementor-widget elementor-widget-heading\" data-id=\"c80bfd7\" data-element_type=\"widget\" data-widget_type=\"heading.default\">\n\t\t\t\t<div class=\"elementor-widget-container\">\n\t\t\t<h1 class=\"elementor-heading-title elementor-size-default\">Prix et informations<\/h1>\t\t<\/div>\n\t\t\t\t<\/div>\n\t\t\t\t<div class=\"elementor-element elementor-element-2c7a96c elementor-widget-divider--view-line elementor-widget elementor-widget-divider\" data-id=\"2c7a96c\" data-element_type=\"widget\" data-widget_type=\"divider.default\">\n\t\t\t\t<div class=\"elementor-widget-container\">\n\t\t\t\t\t<div class=\"elementor-divider\">\n\t\t\t<span class=\"elementor-divider-separator\">\n\t\t\t\t\t\t<\/span>\n\t\t<\/div>\n\t\t\t\t<\/div>\n\t\t\t\t<\/div>\n\t\t\t\t<section class=\"elementor-section elementor-inner-section elementor-element elementor-element-f2018c6 elementor-reverse-mobile elementor-section-boxed elementor-section-height-default elementor-section-height-default\" data-id=\"f2018c6\" data-element_type=\"section\">\n\t\t\t\t\t\t<div class=\"elementor-container elementor-column-gap-default\">\n\t\t\t\t\t<div class=\"elementor-column elementor-col-50 elementor-inner-column elementor-element elementor-element-297d3bf\" data-id=\"297d3bf\" data-element_type=\"column\">\n\t\t\t<div class=\"elementor-widget-wrap elementor-element-populated\">\n\t\t\t\t\t\t\t\t<div class=\"elementor-element elementor-element-3ae8abd elementor-widget elementor-widget-text-editor\" data-id=\"3ae8abd\" data-element_type=\"widget\" data-widget_type=\"text-editor.default\">\n\t\t\t\t<div class=\"elementor-widget-container\">\n\t\t\t\t\t\t\t<p><strong>Billet pour la journ\u00e9e<\/strong><\/p>\n<p>Prix d&#8217;entr\u00e9e 70 euros. (prix promotionnels exclus). Le prix d&#8217;entr\u00e9e comprend le s\u00e9jour illimit\u00e9 d&#8217;une journ\u00e9e ainsi que l&#8217;utilisation de l&#8217;ensemble des installations du club, de l&#8217;espace bien-\u00eatre avec sauna, jacuzzi, piscine et jardin. Le prix d&#8217;entr\u00e9e comprend \u00e9galement les serviettes de bain, les chaussures de bain, les boissons non alcoolis\u00e9es et les repas. De mai \u00e0 septembre, des grillades sont organis\u00e9es chaque semaine le vendredi et le samedi entre 17h30 et 23h00 : grand buffet de grillades ! Dans tout le club, le client peut se d\u00e9placer v\u00eatu d&#8217;un drap de bain.<\/p>\n\t\t\t\t\t\t<\/div>\n\t\t\t\t<\/div>\n\t\t\t\t\t<\/div>\n\t\t<\/div>\n\t\t\t\t<div class=\"elementor-column elementor-col-50 elementor-inner-column elementor-element elementor-element-fdbc3e4\" data-id=\"fdbc3e4\" data-element_type=\"column\">\n\t\t\t<div class=\"elementor-widget-wrap elementor-element-populated\">\n\t\t\t\t\t\t\t\t<div class=\"elementor-element elementor-element-ea194e5 elementor-widget elementor-widget-image\" data-id=\"ea194e5\" data-element_type=\"widget\" data-widget_type=\"image.default\">\n\t\t\t\t<div class=\"elementor-widget-container\">\n\t\t\t\t\t\t\t\t\t\t\t\t\t\t\t<img decoding=\"async\" width=\"1024\" height=\"682\" src=\"https:\/\/lancelot-fkk.com\/wp-content\/uploads\/2021\/08\/ll_innen_020-1030x686-1-1024x682.jpg\" class=\"attachment-large size-large\" alt=\"\" srcset=\"https:\/\/lancelot-fkk.com\/wp-content\/uploads\/2021\/08\/ll_innen_020-1030x686-1-1024x682.jpg 1024w, https:\/\/lancelot-fkk.com\/wp-content\/uploads\/2021\/08\/ll_innen_020-1030x686-1-300x200.jpg 300w, https:\/\/lancelot-fkk.com\/wp-content\/uploads\/2021\/08\/ll_innen_020-1030x686-1-768x512.jpg 768w, https:\/\/lancelot-fkk.com\/wp-content\/uploads\/2021\/08\/ll_innen_020-1030x686-1.jpg 1030w\" sizes=\"(max-width: 1024px) 100vw, 1024px\" \/>\t\t\t\t\t\t\t\t\t\t\t\t\t\t\t<\/div>\n\t\t\t\t<\/div>\n\t\t\t\t\t<\/div>\n\t\t<\/div>\n\t\t\t\t\t\t\t<\/div>\n\t\t<\/section>\n\t\t\t\t\t<\/div>\n\t\t<\/div>\n\t\t\t\t\t\t\t<\/div>\n\t\t<\/section>\n\t\t\t\t<section class=\"elementor-section elementor-top-section elementor-element elementor-element-a4a1e56 elementor-section-boxed elementor-section-height-default elementor-section-height-default\" data-id=\"a4a1e56\" data-element_type=\"section\">\n\t\t\t\t\t\t<div class=\"elementor-container elementor-column-gap-default\">\n\t\t\t\t\t<div class=\"elementor-column elementor-col-100 elementor-top-column elementor-element elementor-element-4aa686a\" data-id=\"4aa686a\" data-element_type=\"column\">\n\t\t\t<div class=\"elementor-widget-wrap elementor-element-populated\">\n\t\t\t\t\t\t\t\t<div class=\"elementor-element elementor-element-3fc8d3a elementor-widget elementor-widget-heading\" data-id=\"3fc8d3a\" data-element_type=\"widget\" data-widget_type=\"heading.default\">\n\t\t\t\t<div class=\"elementor-widget-container\">\n\t\t\t<h2 class=\"elementor-heading-title elementor-size-default\">Service<\/h2>\t\t<\/div>\n\t\t\t\t<\/div>\n\t\t\t\t<div class=\"elementor-element elementor-element-8437ed4 elementor-widget-divider--view-line elementor-widget elementor-widget-divider\" data-id=\"8437ed4\" data-element_type=\"widget\" data-widget_type=\"divider.default\">\n\t\t\t\t<div class=\"elementor-widget-container\">\n\t\t\t\t\t<div class=\"elementor-divider\">\n\t\t\t<span class=\"elementor-divider-separator\">\n\t\t\t\t\t\t<\/span>\n\t\t<\/div>\n\t\t\t\t<\/div>\n\t\t\t\t<\/div>\n\t\t\t\t<section class=\"elementor-section elementor-inner-section elementor-element elementor-element-cb7c117 elementor-section-boxed elementor-section-height-default elementor-section-height-default\" data-id=\"cb7c117\" data-element_type=\"section\">\n\t\t\t\t\t\t<div class=\"elementor-container elementor-column-gap-default\">\n\t\t\t\t\t<div class=\"elementor-column elementor-col-50 elementor-inner-column elementor-element elementor-element-855beee\" data-id=\"855beee\" data-element_type=\"column\">\n\t\t\t<div class=\"elementor-widget-wrap elementor-element-populated\">\n\t\t\t\t\t\t\t\t<div class=\"elementor-element elementor-element-155026b elementor-widget elementor-widget-text-editor\" data-id=\"155026b\" data-element_type=\"widget\" data-widget_type=\"text-editor.default\">\n\t\t\t\t<div class=\"elementor-widget-container\">\n\t\t\t\t\t\t\t<p>Les dames du FKK-Club Lancelot travaillent sur une base ind\u00e9pendante. Il est pr\u00e9cis\u00e9 que toutes les prestations des dames sont effectu\u00e9es exclusivement au nom et pour le compte de la dame concern\u00e9e. Les dames travaillent en tant qu&#8217;ind\u00e9pendantes et fournissent leurs services pour leur propre compte, conform\u00e9ment au \u00a7 2 alin\u00e9a 1 de la loi sur la TVA. Tous les accords concernant les prestations \u00e0 fournir par les dames doivent \u00eatre conclus exclusivement avec la dame concern\u00e9e.<\/p>\n<p>&nbsp;<\/p>\n<p>Nous tenons \u00e0 souligner que l&#8217;admission ne comprend pas les services sexuels et ne garantit pas que des services sexuels seront fournis. Les services sexuels sont \u00e0 convenir uniquement avec la dame, qui travaille en tant qu&#8217;entrepreneur ind\u00e9pendant et en toute ind\u00e9pendance de Lancelot (Lancelot GmbH). Tout accord sur le type de services et le montant de la r\u00e9mun\u00e9ration ainsi que le type de paiement, a lieu uniquement entre les visiteurs et les dames travaillant de mani\u00e8re ind\u00e9pendante. Ces accords ne constituent pas une relation contractuelle ou une quelconque relation commerciale avec Lancelot (Lancelot GmbH).<\/p>\n<p>Les dames font leur propre publicit\u00e9 et offrent leurs services en tant qu&#8217;entrepreneurs ind\u00e9pendants. Ils agissent donc exclusivement pour leur propre compte et n&#8217;ont aucune relation d&#8217;activit\u00e9 l\u00e9gale avec Lancelot (Lancelot GmbH). Lancelot (Lancelot GmbH) ne garantit pas que les services sexuels seront fournis. La nature et les modalit\u00e9s des services sexuels ainsi que le montant de la r\u00e9mun\u00e9ration font l&#8217;objet d&#8217;un accord exclusif entre les dames et les clients. Ces accords ne constituent pas une relation contractuelle ou une relation commerciale avec Lancelot (Lancelot GmbH).<\/p>\n<p>Les femmes sont des entrepreneurs ind\u00e9pendants et d\u00e9cident elles-m\u00eames de leur pr\u00e9sence et si elles veulent faire de la publicit\u00e9 avec des photos ou non.<\/p>\n\t\t\t\t\t\t<\/div>\n\t\t\t\t<\/div>\n\t\t\t\t\t<\/div>\n\t\t<\/div>\n\t\t\t\t<div class=\"elementor-column elementor-col-50 elementor-inner-column elementor-element elementor-element-42bd79a\" data-id=\"42bd79a\" data-element_type=\"column\">\n\t\t\t<div class=\"elementor-widget-wrap elementor-element-populated\">\n\t\t\t\t\t\t\t\t<div class=\"elementor-element elementor-element-f026a14 elementor-widget elementor-widget-image\" data-id=\"f026a14\" data-element_type=\"widget\" data-widget_type=\"image.default\">\n\t\t\t\t<div class=\"elementor-widget-container\">\n\t\t\t\t\t\t\t\t\t\t\t\t\t\t\t<img decoding=\"async\" width=\"530\" height=\"800\" src=\"https:\/\/lancelot-fkk.com\/wp-content\/uploads\/2021\/08\/Design-ohne-Titel-5.png\" class=\"attachment-large size-large\" alt=\"\" srcset=\"https:\/\/lancelot-fkk.com\/wp-content\/uploads\/2021\/08\/Design-ohne-Titel-5.png 530w, https:\/\/lancelot-fkk.com\/wp-content\/uploads\/2021\/08\/Design-ohne-Titel-5-199x300.png 199w\" sizes=\"(max-width: 530px) 100vw, 530px\" \/>\t\t\t\t\t\t\t\t\t\t\t\t\t\t\t<\/div>\n\t\t\t\t<\/div>\n\t\t\t\t\t<\/div>\n\t\t<\/div>\n\t\t\t\t\t\t\t<\/div>\n\t\t<\/section>\n\t\t\t\t\t<\/div>\n\t\t<\/div>\n\t\t\t\t\t\t\t<\/div>\n\t\t<\/section>\n\t\t\t\t\t\t\t<\/div>\n\t\t","protected":false},"excerpt":{"rendered":"<p>Voriger N\u00e4chster Prix et informations Billet pour la journ\u00e9e Prix d&#8217;entr\u00e9e 70 euros. (prix promotionnels exclus). Le prix d&#8217;entr\u00e9e comprend le s\u00e9jour illimit\u00e9 d&#8217;une journ\u00e9e ainsi que l&#8217;utilisation de l&#8217;ensemble des installations du club, de l&#8217;espace bien-\u00eatre avec sauna, jacuzzi, piscine et jardin. Le prix d&#8217;entr\u00e9e comprend \u00e9galement les serviettes de bain, les chaussures de &hellip;<\/p>\n<p class=\"read-more\"> <a class=\"\" href=\"https:\/\/lancelot-fkk.com\/fr\/prix-et-informations\/\"> <span class=\"screen-reader-text\">Prix et informations<\/span> Lire la suite\u00a0\u00bb<\/a><\/p>\n","protected":false},"author":1,"featured_media":0,"parent":0,"menu_order":0,"comment_status":"closed","ping_status":"closed","template":"elementor_header_footer","meta":{"site-sidebar-layout":"no-sidebar","site-content-layout":"page-builder","ast-global-header-display":"","ast-main-header-display":"","ast-hfb-above-header-display":"","ast-hfb-below-header-display":"","ast-hfb-mobile-header-display":"","site-post-title":"disabled","ast-breadcrumbs-content":"","ast-featured-img":"disabled","footer-sml-layout":"","theme-transparent-header-meta":"default","adv-header-id-meta":"","stick-header-meta":"","header-above-stick-meta":"","header-main-stick-meta":"","header-below-stick-meta":"","footnotes":""},"class_list":["post-561","page","type-page","status-publish","hentry"],"yoast_head":"<!-- This site is optimized with the Yoast SEO plugin v27.4 - https:\/\/yoast.com\/product\/yoast-seo-wordpress\/ -->\n<title>Prix et informations - FKK Club Lancelot<\/title>\n<meta name=\"description\" content=\"Prix et infos du FKK Club Lancelot \u00e0 Offenburg. Avec notre carte journali\u00e8re, vous pouvez profiter d&#039;un s\u00e9jour illimit\u00e9. En savoir plus\" \/>\n<meta name=\"robots\" content=\"index, follow, max-snippet:-1, max-image-preview:large, max-video-preview:-1\" \/>\n<link rel=\"canonical\" href=\"https:\/\/lancelot-fkk.com\/fr\/prix-et-informations\/\" \/>\n<meta property=\"og:locale\" content=\"fr_FR\" \/>\n<meta property=\"og:type\" content=\"article\" \/>\n<meta property=\"og:title\" content=\"Prix et informations - FKK Club Lancelot\" \/>\n<meta property=\"og:description\" content=\"Prix et infos du FKK Club Lancelot \u00e0 Offenburg. Avec notre carte journali\u00e8re, vous pouvez profiter d&#039;un s\u00e9jour illimit\u00e9. En savoir plus\" \/>\n<meta property=\"og:url\" content=\"https:\/\/lancelot-fkk.com\/fr\/prix-et-informations\/\" \/>\n<meta property=\"og:site_name\" content=\"FKK Club Lancelot\" \/>\n<meta property=\"article:modified_time\" content=\"2022-11-16T15:46:24+00:00\" \/>\n<meta property=\"og:image\" content=\"https:\/\/lancelot-fkk.com\/wp-content\/uploads\/2021\/08\/ll_innen_020-1030x686-1-1024x682.jpg\" \/>\n<meta name=\"twitter:card\" content=\"summary_large_image\" \/>\n<meta name=\"twitter:label1\" content=\"Dur\u00e9e de lecture estim\u00e9e\" \/>\n\t<meta name=\"twitter:data1\" content=\"2 minutes\" \/>\n<!-- \/ Yoast SEO plugin. -->","yoast_head_json":{"title":"Prix et informations - FKK Club Lancelot","description":"Prix et infos du FKK Club Lancelot \u00e0 Offenburg. Avec notre carte journali\u00e8re, vous pouvez profiter d'un s\u00e9jour illimit\u00e9. En savoir plus","robots":{"index":"index","follow":"follow","max-snippet":"max-snippet:-1","max-image-preview":"max-image-preview:large","max-video-preview":"max-video-preview:-1"},"canonical":"https:\/\/lancelot-fkk.com\/fr\/prix-et-informations\/","og_locale":"fr_FR","og_type":"article","og_title":"Prix et informations - FKK Club Lancelot","og_description":"Prix et infos du FKK Club Lancelot \u00e0 Offenburg. Avec notre carte journali\u00e8re, vous pouvez profiter d'un s\u00e9jour illimit\u00e9. En savoir plus","og_url":"https:\/\/lancelot-fkk.com\/fr\/prix-et-informations\/","og_site_name":"FKK Club Lancelot","article_modified_time":"2022-11-16T15:46:24+00:00","og_image":[{"url":"https:\/\/lancelot-fkk.com\/wp-content\/uploads\/2021\/08\/ll_innen_020-1030x686-1-1024x682.jpg","type":"","width":"","height":""}],"twitter_card":"summary_large_image","twitter_misc":{"Dur\u00e9e de lecture estim\u00e9e":"2 minutes"},"schema":{"@context":"https:\/\/schema.org","@graph":[{"@type":"WebPage","@id":"https:\/\/lancelot-fkk.com\/fr\/prix-et-informations\/","url":"https:\/\/lancelot-fkk.com\/fr\/prix-et-informations\/","name":"Prix et informations - FKK Club Lancelot","isPartOf":{"@id":"https:\/\/lancelot-fkk.com\/fr\/#website"},"primaryImageOfPage":{"@id":"https:\/\/lancelot-fkk.com\/fr\/prix-et-informations\/#primaryimage"},"image":{"@id":"https:\/\/lancelot-fkk.com\/fr\/prix-et-informations\/#primaryimage"},"thumbnailUrl":"https:\/\/lancelot-fkk.com\/wp-content\/uploads\/2021\/08\/ll_innen_020-1030x686-1-1024x682.jpg","datePublished":"2021-09-13T11:55:40+00:00","dateModified":"2022-11-16T15:46:24+00:00","description":"Prix et infos du FKK Club Lancelot \u00e0 Offenburg. Avec notre carte journali\u00e8re, vous pouvez profiter d'un s\u00e9jour illimit\u00e9. En savoir plus","breadcrumb":{"@id":"https:\/\/lancelot-fkk.com\/fr\/prix-et-informations\/#breadcrumb"},"inLanguage":"fr-FR","potentialAction":[{"@type":"ReadAction","target":["https:\/\/lancelot-fkk.com\/fr\/prix-et-informations\/"]}]},{"@type":"ImageObject","inLanguage":"fr-FR","@id":"https:\/\/lancelot-fkk.com\/fr\/prix-et-informations\/#primaryimage","url":"https:\/\/lancelot-fkk.com\/wp-content\/uploads\/2021\/08\/ll_innen_020-1030x686-1-1024x682.jpg","contentUrl":"https:\/\/lancelot-fkk.com\/wp-content\/uploads\/2021\/08\/ll_innen_020-1030x686-1-1024x682.jpg"},{"@type":"BreadcrumbList","@id":"https:\/\/lancelot-fkk.com\/fr\/prix-et-informations\/#breadcrumb","itemListElement":[{"@type":"ListItem","position":1,"name":"Startseite","item":"https:\/\/lancelot-fkk.com\/fr\/"},{"@type":"ListItem","position":2,"name":"Prix et informations"}]},{"@type":"WebSite","@id":"https:\/\/lancelot-fkk.com\/fr\/#website","url":"https:\/\/lancelot-fkk.com\/fr\/","name":"FKK Club Lancelot","description":"Erlebe die Freiheit eines Ritters","publisher":{"@id":"https:\/\/lancelot-fkk.com\/fr\/#organization"},"potentialAction":[{"@type":"SearchAction","target":{"@type":"EntryPoint","urlTemplate":"https:\/\/lancelot-fkk.com\/fr\/?s={search_term_string}"},"query-input":{"@type":"PropertyValueSpecification","valueRequired":true,"valueName":"search_term_string"}}],"inLanguage":"fr-FR"},{"@type":"Organization","@id":"https:\/\/lancelot-fkk.com\/fr\/#organization","name":"FKK Club Lancelot","url":"https:\/\/lancelot-fkk.com\/fr\/","logo":{"@type":"ImageObject","inLanguage":"fr-FR","@id":"https:\/\/lancelot-fkk.com\/fr\/#\/schema\/logo\/image\/","url":"https:\/\/lancelot-fkk.com\/wp-content\/uploads\/2021\/07\/cropped-logo.png","contentUrl":"https:\/\/lancelot-fkk.com\/wp-content\/uploads\/2021\/07\/cropped-logo.png","width":258,"height":167,"caption":"FKK Club Lancelot"},"image":{"@id":"https:\/\/lancelot-fkk.com\/fr\/#\/schema\/logo\/image\/"}}]}},"_links":{"self":[{"href":"https:\/\/lancelot-fkk.com\/fr\/wp-json\/wp\/v2\/pages\/561","targetHints":{"allow":["GET"]}}],"collection":[{"href":"https:\/\/lancelot-fkk.com\/fr\/wp-json\/wp\/v2\/pages"}],"about":[{"href":"https:\/\/lancelot-fkk.com\/fr\/wp-json\/wp\/v2\/types\/page"}],"author":[{"embeddable":true,"href":"https:\/\/lancelot-fkk.com\/fr\/wp-json\/wp\/v2\/users\/1"}],"replies":[{"embeddable":true,"href":"https:\/\/lancelot-fkk.com\/fr\/wp-json\/wp\/v2\/comments?post=561"}],"version-history":[{"count":2,"href":"https:\/\/lancelot-fkk.com\/fr\/wp-json\/wp\/v2\/pages\/561\/revisions"}],"predecessor-version":[{"id":1630,"href":"https:\/\/lancelot-fkk.com\/fr\/wp-json\/wp\/v2\/pages\/561\/revisions\/1630"}],"wp:attachment":[{"href":"https:\/\/lancelot-fkk.com\/fr\/wp-json\/wp\/v2\/media?parent=561"}],"curies":[{"name":"wp","href":"https:\/\/api.w.org\/{rel}","templated":true}]}}