{"id":1623,"date":"2022-11-16T16:30:06","date_gmt":"2022-11-16T15:30:06","guid":{"rendered":"https:\/\/lancelot-fkk.com\/evenements-actuels\/"},"modified":"2022-11-16T16:30:07","modified_gmt":"2022-11-16T15:30:07","slug":"evenements-actuels","status":"publish","type":"page","link":"https:\/\/lancelot-fkk.com\/fr\/evenements-actuels\/","title":{"rendered":"\u00c9v\u00e9nements actuels"},"content":{"rendered":"\t\t<div data-elementor-type=\"wp-page\" data-elementor-id=\"1623\" class=\"elementor elementor-1623 elementor-1564\">\n\t\t\t\t\t\t\t\t\t<section class=\"elementor-section elementor-top-section elementor-element elementor-element-e6bc65b elementor-section-boxed elementor-section-height-default elementor-section-height-default\" data-id=\"e6bc65b\" data-element_type=\"section\" data-settings=\"{&quot;background_background&quot;:&quot;classic&quot;}\">\n\t\t\t\t\t\t<div class=\"elementor-container elementor-column-gap-default\">\n\t\t\t\t\t<div class=\"elementor-column elementor-col-100 elementor-top-column elementor-element elementor-element-d2ba4d5\" data-id=\"d2ba4d5\" data-element_type=\"column\">\n\t\t\t<div class=\"elementor-widget-wrap elementor-element-populated\">\n\t\t\t\t\t\t\t\t<div class=\"elementor-element elementor-element-e45bd7c elementor-widget elementor-widget-heading\" data-id=\"e45bd7c\" data-element_type=\"widget\" data-widget_type=\"heading.default\">\n\t\t\t\t<div class=\"elementor-widget-container\">\n\t\t\t<h1 class=\"elementor-heading-title elementor-size-default\">Derniers \u00e9v\u00e9nements et nouvelles <\/h1>\t\t<\/div>\n\t\t\t\t<\/div>\n\t\t\t\t<div class=\"elementor-element elementor-element-e7fa3a8 elementor-widget-divider--view-line elementor-widget elementor-widget-divider\" data-id=\"e7fa3a8\" data-element_type=\"widget\" data-widget_type=\"divider.default\">\n\t\t\t\t<div class=\"elementor-widget-container\">\n\t\t\t\t\t<div class=\"elementor-divider\">\n\t\t\t<span class=\"elementor-divider-separator\">\n\t\t\t\t\t\t<\/span>\n\t\t<\/div>\n\t\t\t\t<\/div>\n\t\t\t\t<\/div>\n\t\t\t\t<div class=\"elementor-element elementor-element-daeff60 elementor-grid-3 elementor-grid-tablet-2 elementor-grid-mobile-1 elementor-posts--thumbnail-top elementor-widget elementor-widget-posts\" data-id=\"daeff60\" data-element_type=\"widget\" data-settings=\"{&quot;classic_columns&quot;:&quot;3&quot;,&quot;classic_columns_tablet&quot;:&quot;2&quot;,&quot;classic_columns_mobile&quot;:&quot;1&quot;,&quot;classic_row_gap&quot;:{&quot;unit&quot;:&quot;px&quot;,&quot;size&quot;:35,&quot;sizes&quot;:[]},&quot;classic_row_gap_tablet&quot;:{&quot;unit&quot;:&quot;px&quot;,&quot;size&quot;:&quot;&quot;,&quot;sizes&quot;:[]},&quot;classic_row_gap_mobile&quot;:{&quot;unit&quot;:&quot;px&quot;,&quot;size&quot;:&quot;&quot;,&quot;sizes&quot;:[]}}\" data-widget_type=\"posts.classic\">\n\t\t\t\t<div class=\"elementor-widget-container\">\n\t\t\t\t\t<div class=\"elementor-posts-container elementor-posts elementor-posts--skin-classic elementor-grid\">\n\t\t\t\t<article class=\"elementor-post elementor-grid-item post-2492 post type-post status-publish format-standard has-post-thumbnail hentry category-non-classifiee\">\n\t\t\t\t<a class=\"elementor-post__thumbnail__link\" href=\"https:\/\/lancelot-fkk.com\/fr\/2025\/09\/29\/week-end-doctobre-du-03-10-au-05-10-25\/\" >\n\t\t\t<div class=\"elementor-post__thumbnail\"><img decoding=\"async\" width=\"480\" height=\"240\" src=\"https:\/\/lancelot-fkk.com\/wp-content\/uploads\/2025\/09\/oktober_2025.webp\" class=\"attachment-large size-large\" alt=\"\" \/><\/div>\n\t\t<\/a>\n\t\t\t\t<div class=\"elementor-post__text\">\n\t\t\t\t<h3 class=\"elementor-post__title\">\n\t\t\t<a href=\"https:\/\/lancelot-fkk.com\/fr\/2025\/09\/29\/week-end-doctobre-du-03-10-au-05-10-25\/\" >\n\t\t\t\tWeek-end d&#8217;octobre du 03\/10 au 05\/10\/25\t\t\t<\/a>\n\t\t<\/h3>\n\t\t\t\t<div class=\"elementor-post__meta-data\">\n\t\t\t\t\t<span class=\"elementor-post-date\">\n\t\t\t29. septembre 2025\t\t<\/span>\n\t\t\t\t<\/div>\n\t\t\t\t<div class=\"elementor-post__excerpt\">\n\t\t\t<p>\ud83c\udf7b\ud83c\udf89 La bi\u00e8re coule \u00e0 flots au club naturiste Lancelot ! \ud83c\udf89\ud83c\udf7b Du 3 au 5 octobre 2025, nous c\u00e9l\u00e9brerons un week-end d&#8217;octobre inoubliable, avec<\/p>\n\t\t<\/div>\n\t\t\t\t\t<a class=\"elementor-post__read-more\" href=\"https:\/\/lancelot-fkk.com\/fr\/2025\/09\/29\/week-end-doctobre-du-03-10-au-05-10-25\/\" >\n\t\t\t\t\t\t\t<\/a>\n\t\t\t\t<\/div>\n\t\t\t\t<\/article>\n\t\t\t\t<article class=\"elementor-post elementor-grid-item post-2391 post type-post status-publish format-standard has-post-thumbnail hentry category-non-classifiee\">\n\t\t\t\t<a class=\"elementor-post__thumbnail__link\" href=\"https:\/\/lancelot-fkk.com\/fr\/2025\/05\/28\/pool-party-12-07-25-%f0%9f%8f%9d%ef%b8%8f%e2%98%80%ef%b8%8f\/\" >\n\t\t\t<div class=\"elementor-post__thumbnail\"><img decoding=\"async\" width=\"480\" height=\"240\" src=\"https:\/\/lancelot-fkk.com\/wp-content\/uploads\/2025\/05\/Blogbeitraege-Events-Lancelot.png\" class=\"attachment-large size-large\" alt=\"\" \/><\/div>\n\t\t<\/a>\n\t\t\t\t<div class=\"elementor-post__text\">\n\t\t\t\t<h3 class=\"elementor-post__title\">\n\t\t\t<a href=\"https:\/\/lancelot-fkk.com\/fr\/2025\/05\/28\/pool-party-12-07-25-%f0%9f%8f%9d%ef%b8%8f%e2%98%80%ef%b8%8f\/\" >\n\t\t\t\tPool Party 12.07.25 \ud83c\udfdd\ufe0f\u2600\ufe0f\t\t\t<\/a>\n\t\t<\/h3>\n\t\t\t\t<div class=\"elementor-post__meta-data\">\n\t\t\t\t\t<span class=\"elementor-post-date\">\n\t\t\t28. mai 2025\t\t<\/span>\n\t\t\t\t<\/div>\n\t\t\t\t<div class=\"elementor-post__excerpt\">\n\t\t\t<p>\ud83d\udd25 POOL PARTY ALERT \ud83d\udd25&#13; Escalade garantie le samedi 12 juillet au club naturiste Lancelot \u00e0 Offenbourg ! \ud83d\udca6 \ud83c\udf89 A partir de 17h, avec<\/p>\n\t\t<\/div>\n\t\t\t\t\t<a class=\"elementor-post__read-more\" href=\"https:\/\/lancelot-fkk.com\/fr\/2025\/05\/28\/pool-party-12-07-25-%f0%9f%8f%9d%ef%b8%8f%e2%98%80%ef%b8%8f\/\" >\n\t\t\t\t\t\t\t<\/a>\n\t\t\t\t<\/div>\n\t\t\t\t<\/article>\n\t\t\t\t<article class=\"elementor-post elementor-grid-item post-2298 post type-post status-publish format-standard has-post-thumbnail hentry category-non-classifiee\">\n\t\t\t\t<a class=\"elementor-post__thumbnail__link\" href=\"https:\/\/lancelot-fkk.com\/fr\/2025\/01\/13\/%f0%9f%8e%ad-fete-de-carnaval-le-08-02-25\/\" >\n\t\t\t<div class=\"elementor-post__thumbnail\"><img decoding=\"async\" width=\"1024\" height=\"576\" src=\"https:\/\/lancelot-fkk.com\/wp-content\/uploads\/2025\/01\/fasching_event-1024x576.png\" class=\"attachment-large size-large\" alt=\"\" \/><\/div>\n\t\t<\/a>\n\t\t\t\t<div class=\"elementor-post__text\">\n\t\t\t\t<h3 class=\"elementor-post__title\">\n\t\t\t<a href=\"https:\/\/lancelot-fkk.com\/fr\/2025\/01\/13\/%f0%9f%8e%ad-fete-de-carnaval-le-08-02-25\/\" >\n\t\t\t\t\ud83c\udfad F\u00eate de carnaval le 08.02.25\t\t\t<\/a>\n\t\t<\/h3>\n\t\t\t\t<div class=\"elementor-post__meta-data\">\n\t\t\t\t\t<span class=\"elementor-post-date\">\n\t\t\t13. janvier 2025\t\t<\/span>\n\t\t\t\t<\/div>\n\t\t\t\t<div class=\"elementor-post__excerpt\">\n\t\t\t<p>Le 08.02.2025, c&#8217;est parti !&#13; Plongez dans un monde de masques, de couleurs et d&#8217;ambiance exub\u00e9rante ! \ud83c\udf89\u2728 Vivez une nuit inoubliable, pleine de magie<\/p>\n\t\t<\/div>\n\t\t\t\t\t<a class=\"elementor-post__read-more\" href=\"https:\/\/lancelot-fkk.com\/fr\/2025\/01\/13\/%f0%9f%8e%ad-fete-de-carnaval-le-08-02-25\/\" >\n\t\t\t\t\t\t\t<\/a>\n\t\t\t\t<\/div>\n\t\t\t\t<\/article>\n\t\t\t\t<article class=\"elementor-post elementor-grid-item post-2247 post type-post status-publish format-standard has-post-thumbnail hentry category-non-classifiee\">\n\t\t\t\t<a class=\"elementor-post__thumbnail__link\" href=\"https:\/\/lancelot-fkk.com\/fr\/2024\/11\/26\/%f0%9f%8e%84%f0%9f%8e%85-x-mas-party-au-lancelot-fkk-club-%f0%9f%8e%85%f0%9f%8e%84\/\" >\n\t\t\t<div class=\"elementor-post__thumbnail\"><img decoding=\"async\" width=\"1024\" height=\"576\" src=\"https:\/\/lancelot-fkk.com\/wp-content\/uploads\/2024\/11\/xmas-2024-1024x576.png\" class=\"attachment-large size-large\" alt=\"\" \/><\/div>\n\t\t<\/a>\n\t\t\t\t<div class=\"elementor-post__text\">\n\t\t\t\t<h3 class=\"elementor-post__title\">\n\t\t\t<a href=\"https:\/\/lancelot-fkk.com\/fr\/2024\/11\/26\/%f0%9f%8e%84%f0%9f%8e%85-x-mas-party-au-lancelot-fkk-club-%f0%9f%8e%85%f0%9f%8e%84\/\" >\n\t\t\t\t\ud83c\udf84\ud83c\udf85 X-MAS Party au Lancelot FKK Club ! \ud83c\udf85\ud83c\udf84\t\t\t<\/a>\n\t\t<\/h3>\n\t\t\t\t<div class=\"elementor-post__meta-data\">\n\t\t\t\t\t<span class=\"elementor-post-date\">\n\t\t\t26. novembre 2024\t\t<\/span>\n\t\t\t\t<\/div>\n\t\t\t\t<div class=\"elementor-post__excerpt\">\n\t\t\t<p>\ud83d\udcc5 Quand ? Le 14 d\u00e9cembre 2024 \u00e0 partir de 20 heures&#13; \ud83d\udccd O\u00f9 ? Industriestra\u00dfe 4a, 77656 Offenburg \u2728 Nous vous invitons \u00e0 une<\/p>\n\t\t<\/div>\n\t\t\t\t\t<a class=\"elementor-post__read-more\" href=\"https:\/\/lancelot-fkk.com\/fr\/2024\/11\/26\/%f0%9f%8e%84%f0%9f%8e%85-x-mas-party-au-lancelot-fkk-club-%f0%9f%8e%85%f0%9f%8e%84\/\" >\n\t\t\t\t\t\t\t<\/a>\n\t\t\t\t<\/div>\n\t\t\t\t<\/article>\n\t\t\t\t<article class=\"elementor-post elementor-grid-item post-2179 post type-post status-publish format-standard has-post-thumbnail hentry category-non-classifiee\">\n\t\t\t\t<a class=\"elementor-post__thumbnail__link\" href=\"https:\/\/lancelot-fkk.com\/fr\/2024\/10\/22\/%f0%9f%8e%83%f0%9f%91%bb-sexy-halloween-party-au-lancelot-fkk-club-%f0%9f%a7%9b%e2%99%80%ef%b8%8f%f0%9f%95%b8%ef%b8%8f\/\" >\n\t\t\t<div class=\"elementor-post__thumbnail\"><img decoding=\"async\" width=\"1024\" height=\"576\" src=\"https:\/\/lancelot-fkk.com\/wp-content\/uploads\/2024\/10\/halloween-2024-1024x576.png\" class=\"attachment-large size-large\" alt=\"\" \/><\/div>\n\t\t<\/a>\n\t\t\t\t<div class=\"elementor-post__text\">\n\t\t\t\t<h3 class=\"elementor-post__title\">\n\t\t\t<a href=\"https:\/\/lancelot-fkk.com\/fr\/2024\/10\/22\/%f0%9f%8e%83%f0%9f%91%bb-sexy-halloween-party-au-lancelot-fkk-club-%f0%9f%a7%9b%e2%99%80%ef%b8%8f%f0%9f%95%b8%ef%b8%8f\/\" >\n\t\t\t\t\ud83c\udf83\ud83d\udc7b Sexy Halloween Party au Lancelot FKK Club ! \ud83e\udddb\u200d\u2640\ufe0f\ud83d\udd78\ufe0f\t\t\t<\/a>\n\t\t<\/h3>\n\t\t\t\t<div class=\"elementor-post__meta-data\">\n\t\t\t\t\t<span class=\"elementor-post-date\">\n\t\t\t22. octobre 2024\t\t<\/span>\n\t\t\t\t<\/div>\n\t\t\t\t<div class=\"elementor-post__excerpt\">\n\t\t\t<p>Le vendredi 1er et le samedi 2 novembre, vous pourrez assister \u00e0 des spectacles en direct tr\u00e8s chauds, dans une ambiance sexy d&#8217;Halloween et avec<\/p>\n\t\t<\/div>\n\t\t\t\t\t<a class=\"elementor-post__read-more\" href=\"https:\/\/lancelot-fkk.com\/fr\/2024\/10\/22\/%f0%9f%8e%83%f0%9f%91%bb-sexy-halloween-party-au-lancelot-fkk-club-%f0%9f%a7%9b%e2%99%80%ef%b8%8f%f0%9f%95%b8%ef%b8%8f\/\" >\n\t\t\t\t\t\t\t<\/a>\n\t\t\t\t<\/div>\n\t\t\t\t<\/article>\n\t\t\t\t<article class=\"elementor-post elementor-grid-item post-2116 post type-post status-publish format-standard has-post-thumbnail hentry category-non-classifiee\">\n\t\t\t\t<a class=\"elementor-post__thumbnail__link\" href=\"https:\/\/lancelot-fkk.com\/fr\/2024\/08\/15\/pool-party-roumaine-07-09-24\/\" >\n\t\t\t<div class=\"elementor-post__thumbnail\"><img decoding=\"async\" width=\"1024\" height=\"576\" src=\"https:\/\/lancelot-fkk.com\/wp-content\/uploads\/2024\/08\/rumaenische_pool_party-1024x576.png\" class=\"attachment-large size-large\" alt=\"\" \/><\/div>\n\t\t<\/a>\n\t\t\t\t<div class=\"elementor-post__text\">\n\t\t\t\t<h3 class=\"elementor-post__title\">\n\t\t\t<a href=\"https:\/\/lancelot-fkk.com\/fr\/2024\/08\/15\/pool-party-roumaine-07-09-24\/\" >\n\t\t\t\tPool Party roumaine 07.09.24\t\t\t<\/a>\n\t\t<\/h3>\n\t\t\t\t<div class=\"elementor-post__meta-data\">\n\t\t\t\t\t<span class=\"elementor-post-date\">\n\t\t\t15. ao\u00fbt 2024\t\t<\/span>\n\t\t\t\t<\/div>\n\t\t\t\t<div class=\"elementor-post__excerpt\">\n\t\t\t<p>\ud83d\udcc5 Date : 7 septembre 2024&#13; \u23f0 D\u00e9but : 16:00 heures&#13; \ud83d\udccd O\u00f9 ? Club Lancelot, Industriestra\u00dfe 4a, 77656 Offenburg Plongez dans l&#8217;\u00e9t\u00e9 et vivez<\/p>\n\t\t<\/div>\n\t\t\t\t\t<a class=\"elementor-post__read-more\" href=\"https:\/\/lancelot-fkk.com\/fr\/2024\/08\/15\/pool-party-roumaine-07-09-24\/\" >\n\t\t\t\t\t\t\t<\/a>\n\t\t\t\t<\/div>\n\t\t\t\t<\/article>\n\t\t\t\t<\/div>\n\n\n\t\t\n\t\t\t\t<\/div>\n\t\t\t\t<\/div>\n\t\t\t\t\t<\/div>\n\t\t<\/div>\n\t\t\t\t\t\t\t<\/div>\n\t\t<\/section>\n\t\t\t\t\t\t\t<\/div>\n\t\t","protected":false},"excerpt":{"rendered":"<p>Derniers \u00e9v\u00e9nements et nouvelles<\/p>\n","protected":false},"author":1,"featured_media":0,"parent":0,"menu_order":0,"comment_status":"closed","ping_status":"closed","template":"","meta":{"site-sidebar-layout":"no-sidebar","site-content-layout":"page-builder","ast-global-header-display":"","ast-main-header-display":"","ast-hfb-above-header-display":"","ast-hfb-below-header-display":"","ast-hfb-mobile-header-display":"","site-post-title":"disabled","ast-breadcrumbs-content":"","ast-featured-img":"disabled","footer-sml-layout":"","theme-transparent-header-meta":"","adv-header-id-meta":"","stick-header-meta":"","header-above-stick-meta":"","header-main-stick-meta":"","header-below-stick-meta":"","footnotes":""},"class_list":["post-1623","page","type-page","status-publish","hentry"],"yoast_head":"<!-- This site is optimized with the Yoast SEO plugin v27.5 - https:\/\/yoast.com\/product\/yoast-seo-wordpress\/ -->\n<title>\u00c9v\u00e9nements actuels - FKK Club Lancelot<\/title>\n<meta name=\"robots\" content=\"index, follow, max-snippet:-1, max-image-preview:large, max-video-preview:-1\" \/>\n<link rel=\"canonical\" href=\"https:\/\/lancelot-fkk.com\/fr\/evenements-actuels\/\" \/>\n<meta property=\"og:locale\" content=\"fr_FR\" \/>\n<meta property=\"og:type\" content=\"article\" \/>\n<meta property=\"og:title\" content=\"\u00c9v\u00e9nements actuels - FKK Club Lancelot\" \/>\n<meta property=\"og:description\" content=\"Derniers \u00e9v\u00e9nements et nouvelles\" \/>\n<meta property=\"og:url\" content=\"https:\/\/lancelot-fkk.com\/fr\/evenements-actuels\/\" \/>\n<meta property=\"og:site_name\" content=\"FKK Club Lancelot\" \/>\n<meta property=\"article:modified_time\" content=\"2022-11-16T15:30:07+00:00\" \/>\n<meta name=\"twitter:card\" content=\"summary_large_image\" \/>\n<!-- \/ Yoast SEO plugin. -->","yoast_head_json":{"title":"\u00c9v\u00e9nements actuels - FKK Club Lancelot","robots":{"index":"index","follow":"follow","max-snippet":"max-snippet:-1","max-image-preview":"max-image-preview:large","max-video-preview":"max-video-preview:-1"},"canonical":"https:\/\/lancelot-fkk.com\/fr\/evenements-actuels\/","og_locale":"fr_FR","og_type":"article","og_title":"\u00c9v\u00e9nements actuels - FKK Club Lancelot","og_description":"Derniers \u00e9v\u00e9nements et nouvelles","og_url":"https:\/\/lancelot-fkk.com\/fr\/evenements-actuels\/","og_site_name":"FKK Club Lancelot","article_modified_time":"2022-11-16T15:30:07+00:00","twitter_card":"summary_large_image","schema":{"@context":"https:\/\/schema.org","@graph":[{"@type":"WebPage","@id":"https:\/\/lancelot-fkk.com\/fr\/evenements-actuels\/","url":"https:\/\/lancelot-fkk.com\/fr\/evenements-actuels\/","name":"\u00c9v\u00e9nements actuels - FKK Club Lancelot","isPartOf":{"@id":"https:\/\/lancelot-fkk.com\/fr\/#website"},"datePublished":"2022-11-16T15:30:06+00:00","dateModified":"2022-11-16T15:30:07+00:00","breadcrumb":{"@id":"https:\/\/lancelot-fkk.com\/fr\/evenements-actuels\/#breadcrumb"},"inLanguage":"fr-FR","potentialAction":[{"@type":"ReadAction","target":["https:\/\/lancelot-fkk.com\/fr\/evenements-actuels\/"]}]},{"@type":"BreadcrumbList","@id":"https:\/\/lancelot-fkk.com\/fr\/evenements-actuels\/#breadcrumb","itemListElement":[{"@type":"ListItem","position":1,"name":"Startseite","item":"https:\/\/lancelot-fkk.com\/fr\/"},{"@type":"ListItem","position":2,"name":"\u00c9v\u00e9nements actuels"}]},{"@type":"WebSite","@id":"https:\/\/lancelot-fkk.com\/fr\/#website","url":"https:\/\/lancelot-fkk.com\/fr\/","name":"FKK Club Lancelot","description":"Erlebe die Freiheit eines Ritters","publisher":{"@id":"https:\/\/lancelot-fkk.com\/fr\/#organization"},"potentialAction":[{"@type":"SearchAction","target":{"@type":"EntryPoint","urlTemplate":"https:\/\/lancelot-fkk.com\/fr\/?s={search_term_string}"},"query-input":{"@type":"PropertyValueSpecification","valueRequired":true,"valueName":"search_term_string"}}],"inLanguage":"fr-FR"},{"@type":"Organization","@id":"https:\/\/lancelot-fkk.com\/fr\/#organization","name":"FKK Club Lancelot","url":"https:\/\/lancelot-fkk.com\/fr\/","logo":{"@type":"ImageObject","inLanguage":"fr-FR","@id":"https:\/\/lancelot-fkk.com\/fr\/#\/schema\/logo\/image\/","url":"https:\/\/lancelot-fkk.com\/wp-content\/uploads\/2021\/07\/cropped-logo.png","contentUrl":"https:\/\/lancelot-fkk.com\/wp-content\/uploads\/2021\/07\/cropped-logo.png","width":258,"height":167,"caption":"FKK Club Lancelot"},"image":{"@id":"https:\/\/lancelot-fkk.com\/fr\/#\/schema\/logo\/image\/"}}]}},"_links":{"self":[{"href":"https:\/\/lancelot-fkk.com\/fr\/wp-json\/wp\/v2\/pages\/1623","targetHints":{"allow":["GET"]}}],"collection":[{"href":"https:\/\/lancelot-fkk.com\/fr\/wp-json\/wp\/v2\/pages"}],"about":[{"href":"https:\/\/lancelot-fkk.com\/fr\/wp-json\/wp\/v2\/types\/page"}],"author":[{"embeddable":true,"href":"https:\/\/lancelot-fkk.com\/fr\/wp-json\/wp\/v2\/users\/1"}],"replies":[{"embeddable":true,"href":"https:\/\/lancelot-fkk.com\/fr\/wp-json\/wp\/v2\/comments?post=1623"}],"version-history":[{"count":1,"href":"https:\/\/lancelot-fkk.com\/fr\/wp-json\/wp\/v2\/pages\/1623\/revisions"}],"predecessor-version":[{"id":1624,"href":"https:\/\/lancelot-fkk.com\/fr\/wp-json\/wp\/v2\/pages\/1623\/revisions\/1624"}],"wp:attachment":[{"href":"https:\/\/lancelot-fkk.com\/fr\/wp-json\/wp\/v2\/media?parent=1623"}],"curies":[{"name":"wp","href":"https:\/\/api.w.org\/{rel}","templated":true}]}}