{"id":1203,"date":"2022-01-24T17:04:26","date_gmt":"2022-01-24T16:04:26","guid":{"rendered":"https:\/\/lancelot-fkk.com\/letape-suivante\/"},"modified":"2022-11-16T15:39:39","modified_gmt":"2022-11-16T14:39:39","slug":"letape-suivante","status":"publish","type":"page","link":"https:\/\/lancelot-fkk.com\/fr\/letape-suivante\/","title":{"rendered":"L&#8217;\u00e9tape suivante"},"content":{"rendered":"\t\t<div data-elementor-type=\"wp-page\" data-elementor-id=\"1203\" class=\"elementor elementor-1203\">\n\t\t\t\t\t\t\t\t\t<section class=\"elementor-section elementor-top-section elementor-element elementor-element-0451989 elementor-section-boxed elementor-section-height-default elementor-section-height-default\" data-id=\"0451989\" data-element_type=\"section\">\n\t\t\t\t\t\t<div class=\"elementor-container elementor-column-gap-default\">\n\t\t\t\t\t<div class=\"elementor-column elementor-col-100 elementor-top-column elementor-element elementor-element-297714d\" data-id=\"297714d\" data-element_type=\"column\">\n\t\t\t<div class=\"elementor-widget-wrap elementor-element-populated\">\n\t\t\t\t\t\t\t\t<div class=\"elementor-element elementor-element-1cbd595 elementor-widget elementor-widget-heading\" data-id=\"1cbd595\" data-element_type=\"widget\" data-widget_type=\"heading.default\">\n\t\t\t\t<div class=\"elementor-widget-container\">\n\t\t\t<h1 class=\"elementor-heading-title elementor-size-default\">Votre bon d'entr\u00e9e de 10\u20ac vous attend ! <\/h1>\t\t<\/div>\n\t\t\t\t<\/div>\n\t\t\t\t<div class=\"elementor-element elementor-element-68a3dc1 elementor-widget elementor-widget-heading\" data-id=\"68a3dc1\" data-element_type=\"widget\" data-widget_type=\"heading.default\">\n\t\t\t\t<div class=\"elementor-widget-container\">\n\t\t\t<p class=\"elementor-heading-title elementor-size-default\">Votre code QR personnalis\u00e9<\/p>\t\t<\/div>\n\t\t\t\t<\/div>\n\t\t\t\t<section class=\"elementor-section elementor-inner-section elementor-element elementor-element-2d75fd1 elementor-section-boxed elementor-section-height-default elementor-section-height-default\" data-id=\"2d75fd1\" data-element_type=\"section\">\n\t\t\t\t\t\t<div class=\"elementor-container elementor-column-gap-default\">\n\t\t\t\t\t<div class=\"elementor-column elementor-col-33 elementor-inner-column elementor-element elementor-element-032a686\" data-id=\"032a686\" data-element_type=\"column\" data-settings=\"{&quot;background_background&quot;:&quot;classic&quot;}\">\n\t\t\t<div class=\"elementor-widget-wrap elementor-element-populated\">\n\t\t\t\t\t\t\t\t<div class=\"elementor-element elementor-element-9315158 elementor-view-default elementor-mobile-position-top elementor-vertical-align-top elementor-widget elementor-widget-icon-box\" data-id=\"9315158\" data-element_type=\"widget\" data-widget_type=\"icon-box.default\">\n\t\t\t\t<div class=\"elementor-widget-container\">\n\t\t\t\t\t<div class=\"elementor-icon-box-wrapper\">\n\t\t\t\t\t\t<div class=\"elementor-icon-box-icon\">\n\t\t\t\t<span class=\"elementor-icon elementor-animation-\" >\n\t\t\t\t<i aria-hidden=\"true\" class=\"fas fa-envelope\"><\/i>\t\t\t\t<\/span>\n\t\t\t<\/div>\n\t\t\t\t\t\t<div class=\"elementor-icon-box-content\">\n\t\t\t\t<h3 class=\"elementor-icon-box-title\">\n\t\t\t\t\t<span  >\n\t\t\t\t\t\tOuvrez maintenant votre bo\u00eete aux lettres \u00e9lectronique\t\t\t\t\t<\/span>\n\t\t\t\t<\/h3>\n\t\t\t\t\t\t\t<\/div>\n\t\t<\/div>\n\t\t\t\t<\/div>\n\t\t\t\t<\/div>\n\t\t\t\t\t<\/div>\n\t\t<\/div>\n\t\t\t\t<div class=\"elementor-column elementor-col-33 elementor-inner-column elementor-element elementor-element-556d48f\" data-id=\"556d48f\" data-element_type=\"column\" data-settings=\"{&quot;background_background&quot;:&quot;classic&quot;}\">\n\t\t\t<div class=\"elementor-widget-wrap elementor-element-populated\">\n\t\t\t\t\t\t\t\t<div class=\"elementor-element elementor-element-e7bb52e elementor-view-default elementor-mobile-position-top elementor-vertical-align-top elementor-widget elementor-widget-icon-box\" data-id=\"e7bb52e\" data-element_type=\"widget\" data-widget_type=\"icon-box.default\">\n\t\t\t\t<div class=\"elementor-widget-container\">\n\t\t\t\t\t<div class=\"elementor-icon-box-wrapper\">\n\t\t\t\t\t\t<div class=\"elementor-icon-box-icon\">\n\t\t\t\t<span class=\"elementor-icon elementor-animation-\" >\n\t\t\t\t<i aria-hidden=\"true\" class=\"fas fa-check-circle\"><\/i>\t\t\t\t<\/span>\n\t\t\t<\/div>\n\t\t\t\t\t\t<div class=\"elementor-icon-box-content\">\n\t\t\t\t<h3 class=\"elementor-icon-box-title\">\n\t\t\t\t\t<span  >\n\t\t\t\t\t\tConfirmez que vous avez demand\u00e9 le bon d'achat\t\t\t\t\t<\/span>\n\t\t\t\t<\/h3>\n\t\t\t\t\t\t\t<\/div>\n\t\t<\/div>\n\t\t\t\t<\/div>\n\t\t\t\t<\/div>\n\t\t\t\t\t<\/div>\n\t\t<\/div>\n\t\t\t\t<div class=\"elementor-column elementor-col-33 elementor-inner-column elementor-element elementor-element-18364ca\" data-id=\"18364ca\" data-element_type=\"column\" data-settings=\"{&quot;background_background&quot;:&quot;classic&quot;}\">\n\t\t\t<div class=\"elementor-widget-wrap elementor-element-populated\">\n\t\t\t\t\t\t\t\t<div class=\"elementor-element elementor-element-5fde218 elementor-view-default elementor-mobile-position-top elementor-vertical-align-top elementor-widget elementor-widget-icon-box\" data-id=\"5fde218\" data-element_type=\"widget\" data-widget_type=\"icon-box.default\">\n\t\t\t\t<div class=\"elementor-widget-container\">\n\t\t\t\t\t<div class=\"elementor-icon-box-wrapper\">\n\t\t\t\t\t\t<div class=\"elementor-icon-box-icon\">\n\t\t\t\t<span class=\"elementor-icon elementor-animation-\" >\n\t\t\t\t<i aria-hidden=\"true\" class=\"fas fa-qrcode\"><\/i>\t\t\t\t<\/span>\n\t\t\t<\/div>\n\t\t\t\t\t\t<div class=\"elementor-icon-box-content\">\n\t\t\t\t<h3 class=\"elementor-icon-box-title\">\n\t\t\t\t\t<span  >\n\t\t\t\t\t\tVotre code QR personnalis\u00e9 est cr\u00e9\u00e9*.\t\t\t\t\t<\/span>\n\t\t\t\t<\/h3>\n\t\t\t\t\t\t\t<\/div>\n\t\t<\/div>\n\t\t\t\t<\/div>\n\t\t\t\t<\/div>\n\t\t\t\t\t<\/div>\n\t\t<\/div>\n\t\t\t\t\t\t\t<\/div>\n\t\t<\/section>\n\t\t\t\t<div class=\"elementor-element elementor-element-954a3f5 elementor-widget elementor-widget-text-editor\" data-id=\"954a3f5\" data-element_type=\"widget\" data-widget_type=\"text-editor.default\">\n\t\t\t\t<div class=\"elementor-widget-container\">\n\t\t\t\t\t\t\t<p>*Veuillez noter : ce bon ne peut \u00eatre utilis\u00e9 qu&#8217;une seule fois. Ce bon n&#8217;est valable que pendant la semaine, du lundi au vendredi.<\/p>\n\t\t\t\t\t\t<\/div>\n\t\t\t\t<\/div>\n\t\t\t\t\t<\/div>\n\t\t<\/div>\n\t\t\t\t\t\t\t<\/div>\n\t\t<\/section>\n\t\t\t\t\t\t\t<\/div>\n\t\t","protected":false},"excerpt":{"rendered":"<p>Votre bon d&#8217;entr\u00e9e de 10\u20ac vous attend ! Votre code QR personnalis\u00e9 Ouvrez maintenant votre bo\u00eete aux lettres \u00e9lectronique Confirmez que vous avez demand\u00e9 le bon d&#8217;achat Votre code QR personnalis\u00e9 est cr\u00e9\u00e9*. *Veuillez noter : ce bon ne peut \u00eatre utilis\u00e9 qu&#8217;une seule fois. Ce bon n&#8217;est valable que pendant la semaine, du lundi &hellip;<\/p>\n<p class=\"read-more\"> <a class=\"\" href=\"https:\/\/lancelot-fkk.com\/fr\/letape-suivante\/\"> <span class=\"screen-reader-text\">L&#8217;\u00e9tape suivante<\/span> Lire la suite\u00a0\u00bb<\/a><\/p>\n","protected":false},"author":1,"featured_media":0,"parent":0,"menu_order":0,"comment_status":"closed","ping_status":"closed","template":"elementor_header_footer","meta":{"site-sidebar-layout":"no-sidebar","site-content-layout":"page-builder","ast-global-header-display":"","ast-main-header-display":"","ast-hfb-above-header-display":"","ast-hfb-below-header-display":"","ast-hfb-mobile-header-display":"","site-post-title":"disabled","ast-breadcrumbs-content":"","ast-featured-img":"disabled","footer-sml-layout":"","theme-transparent-header-meta":"default","adv-header-id-meta":"","stick-header-meta":"","header-above-stick-meta":"","header-main-stick-meta":"","header-below-stick-meta":"","footnotes":""},"class_list":["post-1203","page","type-page","status-publish","hentry"],"yoast_head":"<!-- This site is optimized with the Yoast SEO plugin v27.4 - https:\/\/yoast.com\/product\/yoast-seo-wordpress\/ -->\n<title>L&#039;\u00e9tape suivante - FKK Club Lancelot<\/title>\n<meta name=\"robots\" content=\"index, follow, max-snippet:-1, max-image-preview:large, max-video-preview:-1\" \/>\n<link rel=\"canonical\" href=\"https:\/\/lancelot-fkk.com\/fr\/letape-suivante\/\" \/>\n<meta property=\"og:locale\" content=\"fr_FR\" \/>\n<meta property=\"og:type\" content=\"article\" \/>\n<meta property=\"og:title\" content=\"L&#039;\u00e9tape suivante - FKK Club Lancelot\" \/>\n<meta property=\"og:description\" content=\"Votre bon d&#8217;entr\u00e9e de 10\u20ac vous attend ! Votre code QR personnalis\u00e9 Ouvrez maintenant votre bo\u00eete aux lettres \u00e9lectronique Confirmez que vous avez demand\u00e9 le bon d&#8217;achat Votre code QR personnalis\u00e9 est cr\u00e9\u00e9*. *Veuillez noter : ce bon ne peut \u00eatre utilis\u00e9 qu&#8217;une seule fois. Ce bon n&#8217;est valable que pendant la semaine, du lundi &hellip; L&#8217;\u00e9tape suivante Lire la suite\u00a0\u00bb\" \/>\n<meta property=\"og:url\" content=\"https:\/\/lancelot-fkk.com\/fr\/letape-suivante\/\" \/>\n<meta property=\"og:site_name\" content=\"FKK Club Lancelot\" \/>\n<meta property=\"article:modified_time\" content=\"2022-11-16T14:39:39+00:00\" \/>\n<meta name=\"twitter:card\" content=\"summary_large_image\" \/>\n<!-- \/ Yoast SEO plugin. -->","yoast_head_json":{"title":"L'\u00e9tape suivante - FKK Club Lancelot","robots":{"index":"index","follow":"follow","max-snippet":"max-snippet:-1","max-image-preview":"max-image-preview:large","max-video-preview":"max-video-preview:-1"},"canonical":"https:\/\/lancelot-fkk.com\/fr\/letape-suivante\/","og_locale":"fr_FR","og_type":"article","og_title":"L'\u00e9tape suivante - FKK Club Lancelot","og_description":"Votre bon d&#8217;entr\u00e9e de 10\u20ac vous attend ! Votre code QR personnalis\u00e9 Ouvrez maintenant votre bo\u00eete aux lettres \u00e9lectronique Confirmez que vous avez demand\u00e9 le bon d&#8217;achat Votre code QR personnalis\u00e9 est cr\u00e9\u00e9*. *Veuillez noter : ce bon ne peut \u00eatre utilis\u00e9 qu&#8217;une seule fois. Ce bon n&#8217;est valable que pendant la semaine, du lundi &hellip; L&#8217;\u00e9tape suivante Lire la suite\u00a0\u00bb","og_url":"https:\/\/lancelot-fkk.com\/fr\/letape-suivante\/","og_site_name":"FKK Club Lancelot","article_modified_time":"2022-11-16T14:39:39+00:00","twitter_card":"summary_large_image","schema":{"@context":"https:\/\/schema.org","@graph":[{"@type":"WebPage","@id":"https:\/\/lancelot-fkk.com\/fr\/letape-suivante\/","url":"https:\/\/lancelot-fkk.com\/fr\/letape-suivante\/","name":"L'\u00e9tape suivante - FKK Club Lancelot","isPartOf":{"@id":"https:\/\/lancelot-fkk.com\/fr\/#website"},"datePublished":"2022-01-24T16:04:26+00:00","dateModified":"2022-11-16T14:39:39+00:00","breadcrumb":{"@id":"https:\/\/lancelot-fkk.com\/fr\/letape-suivante\/#breadcrumb"},"inLanguage":"fr-FR","potentialAction":[{"@type":"ReadAction","target":["https:\/\/lancelot-fkk.com\/fr\/letape-suivante\/"]}]},{"@type":"BreadcrumbList","@id":"https:\/\/lancelot-fkk.com\/fr\/letape-suivante\/#breadcrumb","itemListElement":[{"@type":"ListItem","position":1,"name":"Startseite","item":"https:\/\/lancelot-fkk.com\/fr\/"},{"@type":"ListItem","position":2,"name":"L&#8217;\u00e9tape suivante"}]},{"@type":"WebSite","@id":"https:\/\/lancelot-fkk.com\/fr\/#website","url":"https:\/\/lancelot-fkk.com\/fr\/","name":"FKK Club Lancelot","description":"Erlebe die Freiheit eines Ritters","publisher":{"@id":"https:\/\/lancelot-fkk.com\/fr\/#organization"},"potentialAction":[{"@type":"SearchAction","target":{"@type":"EntryPoint","urlTemplate":"https:\/\/lancelot-fkk.com\/fr\/?s={search_term_string}"},"query-input":{"@type":"PropertyValueSpecification","valueRequired":true,"valueName":"search_term_string"}}],"inLanguage":"fr-FR"},{"@type":"Organization","@id":"https:\/\/lancelot-fkk.com\/fr\/#organization","name":"FKK Club Lancelot","url":"https:\/\/lancelot-fkk.com\/fr\/","logo":{"@type":"ImageObject","inLanguage":"fr-FR","@id":"https:\/\/lancelot-fkk.com\/fr\/#\/schema\/logo\/image\/","url":"https:\/\/lancelot-fkk.com\/wp-content\/uploads\/2021\/07\/cropped-logo.png","contentUrl":"https:\/\/lancelot-fkk.com\/wp-content\/uploads\/2021\/07\/cropped-logo.png","width":258,"height":167,"caption":"FKK Club Lancelot"},"image":{"@id":"https:\/\/lancelot-fkk.com\/fr\/#\/schema\/logo\/image\/"}}]}},"_links":{"self":[{"href":"https:\/\/lancelot-fkk.com\/fr\/wp-json\/wp\/v2\/pages\/1203","targetHints":{"allow":["GET"]}}],"collection":[{"href":"https:\/\/lancelot-fkk.com\/fr\/wp-json\/wp\/v2\/pages"}],"about":[{"href":"https:\/\/lancelot-fkk.com\/fr\/wp-json\/wp\/v2\/types\/page"}],"author":[{"embeddable":true,"href":"https:\/\/lancelot-fkk.com\/fr\/wp-json\/wp\/v2\/users\/1"}],"replies":[{"embeddable":true,"href":"https:\/\/lancelot-fkk.com\/fr\/wp-json\/wp\/v2\/comments?post=1203"}],"version-history":[{"count":1,"href":"https:\/\/lancelot-fkk.com\/fr\/wp-json\/wp\/v2\/pages\/1203\/revisions"}],"predecessor-version":[{"id":1204,"href":"https:\/\/lancelot-fkk.com\/fr\/wp-json\/wp\/v2\/pages\/1203\/revisions\/1204"}],"wp:attachment":[{"href":"https:\/\/lancelot-fkk.com\/fr\/wp-json\/wp\/v2\/media?parent=1203"}],"curies":[{"name":"wp","href":"https:\/\/api.w.org\/{rel}","templated":true}]}}